{"id":4292,"date":"2018-10-18T11:57:41","date_gmt":"2018-10-18T11:57:41","guid":{"rendered":"http:\/\/elemental.ee\/estil\/?page_id=4292"},"modified":"2018-10-18T11:57:41","modified_gmt":"2018-10-18T11:57:41","slug":"alalisvoolususteemid","status":"publish","type":"page","link":"https:\/\/estil.ee\/est\/tooted-ja-teenused\/alalisvoolususteemid\/","title":{"rendered":"Alalisvoolus\u00fcsteemid"},"content":{"rendered":"\n<style type=\"text\/css\" data-created_by=\"avia_inline_auto\" id=\"style-css-av-av_section-7a8c966baefa70e6a13dd0d71ba6ceca\">\n.avia-section.av-av_section-7a8c966baefa70e6a13dd0d71ba6ceca{\nbackground-repeat:no-repeat;\nbackground-image:url(https:\/\/estil.ee\/est\/wp-content\/uploads\/2018\/10\/123header-1.jpg);\nbackground-position:50% 0%;\nbackground-attachment:scroll;\n}\n<\/style>\n<div id='teenused'  class='avia-section av-av_section-7a8c966baefa70e6a13dd0d71ba6ceca main_color avia-section-default avia-no-border-styling  avia-builder-el-0  el_before_av_heading  avia-builder-el-first  avia-full-stretch avia-bg-style-scroll av-minimum-height av-minimum-height-custom  container_wrap sidebar_right'  data-section-bg-repeat='stretch' data-av_minimum_height_px='262'><div class='container av-section-cont-open' style='height:262px'><main  role=\"main\" itemprop=\"mainContentOfPage\"  class='template-page content  av-content-small alpha units'><div class='post-entry post-entry-type-page post-entry-4292'><div class='entry-content-wrapper clearfix'><\/div><\/div><\/main><!-- close content main element --><\/div><\/div><div id='after_section_1'  class='main_color av_default_container_wrap container_wrap sidebar_right'  ><div class='container av-section-cont-open' ><div class='template-page content  av-content-small alpha units'><div class='post-entry post-entry-type-page post-entry-4292'><div class='entry-content-wrapper clearfix'>\n\n<style type=\"text\/css\" data-created_by=\"avia_inline_auto\" id=\"style-css-av-av_heading-8824105f64ca1c3d450d571e80c302ed\">\n#top .av-special-heading.av-av_heading-8824105f64ca1c3d450d571e80c302ed{\npadding-bottom:10px;\ncolor:#4c4c4c;\nfont-size:40px;\n}\nbody .av-special-heading.av-av_heading-8824105f64ca1c3d450d571e80c302ed .av-special-heading-tag .heading-char{\nfont-size:25px;\n}\n#top #wrap_all .av-special-heading.av-av_heading-8824105f64ca1c3d450d571e80c302ed .av-special-heading-tag{\nfont-size:40px;\n}\n.av-special-heading.av-av_heading-8824105f64ca1c3d450d571e80c302ed .special-heading-inner-border{\nborder-color:#4c4c4c;\n}\n.av-special-heading.av-av_heading-8824105f64ca1c3d450d571e80c302ed .av-subheading{\nfont-size:15px;\n}\n<\/style>\n<div  class='av-special-heading av-av_heading-8824105f64ca1c3d450d571e80c302ed av-special-heading-h2 custom-color-heading blockquote modern-quote  avia-builder-el-1  el_after_av_section  el_before_av_hr  avia-builder-el-first  av-inherit-size'><h2 class='av-special-heading-tag'  itemprop=\"headline\"  ><b>Alalisvoolus\u00fcsteemid<\/b> ja seadmed<\/h2><div class=\"special-heading-border\"><div class=\"special-heading-inner-border\"><\/div><\/div><\/div>\n\n<style type=\"text\/css\" data-created_by=\"avia_inline_auto\" id=\"style-css-av-av_hr-78c3437b76b0cfc292e785efcfa7651d\">\n#top .hr.av-av_hr-78c3437b76b0cfc292e785efcfa7651d{\nmargin-top:10px;\nmargin-bottom:10px;\n}\n.hr.av-av_hr-78c3437b76b0cfc292e785efcfa7651d .hr-inner{\nwidth:100%;\nborder-color:#d8d8d8;\n}\n<\/style>\n<div  class='hr av-av_hr-78c3437b76b0cfc292e785efcfa7651d hr-custom  avia-builder-el-2  el_after_av_heading  el_before_av_one_full  hr-center hr-icon-no'><span class='hr-inner inner-border-av-border-thin'><span class=\"hr-inner-style\"><\/span><\/span><\/div>\n\n<style type=\"text\/css\" data-created_by=\"avia_inline_auto\" id=\"style-css-av-av_one_full-b18ec1635791c30194c2fc90ea77ba9c\">\n.flex_column.av-av_one_full-b18ec1635791c30194c2fc90ea77ba9c{\n-webkit-border-radius:0px 0px 0px 0px;\n-moz-border-radius:0px 0px 0px 0px;\nborder-radius:0px 0px 0px 0px;\n}\n<\/style>\n<div class='flex_column av-av_one_full-b18ec1635791c30194c2fc90ea77ba9c av_one_full  avia-builder-el-3  el_after_av_hr  el_before_av_hr  first flex_column_div av-zero-column-padding '     ><section  class='av_textblock_section av-av_textblock-396ddf1f42196ca838231e61a4602801'  itemscope=\"itemscope\" itemtype=\"https:\/\/schema.org\/CreativeWork\" ><div class='avia_textblock'  itemprop=\"text\" ><p style=\"text-align: justify;\"><b>Alalisvoolus\u00fcsteemid<\/b>\u00a0(\u00a0<i>DC systems<\/i>) on seadmete kogumid, mis konverteerivad vahelduvvoolu alalisvooluks ( alaldid, akulaadijad ) v\u00f5i alalisvoolu vahelduvvooluks ( inverterid). Alalisvoolus\u00fcsteemid v\u00f5ivad salvestada energia ka akudesse, et toita nii alalisvoolu, kui ka vahelduvvoolu tarbijaid ( inverter) katkestusvabalt. Alalisvooluseadmete t\u00f6\u00f6d juhib kontroller. Kontrolleri vahendusel saab s\u00e4testada parameetreid ja teostada kontrolli seadmete \u00fcle. Alarmide edastamiseks kasutatakse kas potnetsiaalivabasid kontakte ja\/v\u00f5i erinevatel v\u00f5rguprotokollidel p\u00f5hinevaid kommunikatsioonikaarte.<\/p>\n<\/div><\/section><\/div>\n\n<style type=\"text\/css\" data-created_by=\"avia_inline_auto\" id=\"style-css-av-av_hr-78c3437b76b0cfc292e785efcfa7651d\">\n#top .hr.av-av_hr-78c3437b76b0cfc292e785efcfa7651d{\nmargin-top:10px;\nmargin-bottom:10px;\n}\n.hr.av-av_hr-78c3437b76b0cfc292e785efcfa7651d .hr-inner{\nwidth:100%;\nborder-color:#d8d8d8;\n}\n<\/style>\n<div  class='hr av-av_hr-78c3437b76b0cfc292e785efcfa7651d hr-custom  avia-builder-el-5  el_after_av_one_full  el_before_av_one_full  hr-center hr-icon-no'><span class='hr-inner inner-border-av-border-thin'><span class=\"hr-inner-style\"><\/span><\/span><\/div>\n\n<style type=\"text\/css\" data-created_by=\"avia_inline_auto\" id=\"style-css-av-av_one_full-b18ec1635791c30194c2fc90ea77ba9c\">\n.flex_column.av-av_one_full-b18ec1635791c30194c2fc90ea77ba9c{\n-webkit-border-radius:0px 0px 0px 0px;\n-moz-border-radius:0px 0px 0px 0px;\nborder-radius:0px 0px 0px 0px;\n}\n<\/style>\n<div class='flex_column av-av_one_full-b18ec1635791c30194c2fc90ea77ba9c av_one_full  avia-builder-el-6  el_after_av_hr  el_before_av_hr  first flex_column_div av-zero-column-padding '     ><section  class='av_textblock_section av-av_textblock-396ddf1f42196ca838231e61a4602801'  itemscope=\"itemscope\" itemtype=\"https:\/\/schema.org\/CreativeWork\" ><div class='avia_textblock'  itemprop=\"text\" ><p style=\"text-align: justify;\"><b>Alaldi<\/b>\u00a0on seade, mis muundab vahelduvvoolu alalisvooluks. Seda protsessi nimetatakse alaldamiseks. Akulaadijates kasutatavate alaldite t\u00fc\u00fcrimiseks kasutatakse kas amplituudt\u00fc\u00fcrimist v\u00f5i impulssmodulatsiooniga nn (\u00a0<i>PWM\u00a0<\/i>) impulsst\u00fc\u00fcrimist. T\u00fc\u00fcritavateks elementideks on vastavalt kas GTO t\u00fcristorid v\u00f5i MOSFET ning IGBT transistorid.<\/p>\n<\/div><\/section><\/div>\n\n<style type=\"text\/css\" data-created_by=\"avia_inline_auto\" id=\"style-css-av-av_hr-78c3437b76b0cfc292e785efcfa7651d\">\n#top .hr.av-av_hr-78c3437b76b0cfc292e785efcfa7651d{\nmargin-top:10px;\nmargin-bottom:10px;\n}\n.hr.av-av_hr-78c3437b76b0cfc292e785efcfa7651d .hr-inner{\nwidth:100%;\nborder-color:#d8d8d8;\n}\n<\/style>\n<div  class='hr av-av_hr-78c3437b76b0cfc292e785efcfa7651d hr-custom  avia-builder-el-8  el_after_av_one_full  el_before_av_one_half  hr-center hr-icon-no'><span class='hr-inner inner-border-av-border-thin'><span class=\"hr-inner-style\"><\/span><\/span><\/div>\n\n<style type=\"text\/css\" data-created_by=\"avia_inline_auto\" id=\"style-css-av-av_one_half-b18ec1635791c30194c2fc90ea77ba9c\">\n.flex_column.av-av_one_half-b18ec1635791c30194c2fc90ea77ba9c{\n-webkit-border-radius:0px 0px 0px 0px;\n-moz-border-radius:0px 0px 0px 0px;\nborder-radius:0px 0px 0px 0px;\n}\n<\/style>\n<div class='flex_column av-av_one_half-b18ec1635791c30194c2fc90ea77ba9c av_one_half  avia-builder-el-9  el_after_av_hr  el_before_av_one_half  first flex_column_div av-zero-column-padding '     ><section  class='av_textblock_section av-av_textblock-396ddf1f42196ca838231e61a4602801'  itemscope=\"itemscope\" itemtype=\"https:\/\/schema.org\/CreativeWork\" ><div class='avia_textblock'  itemprop=\"text\" ><p style=\"text-align: justify;\"><b>Akulaadijaid\u00a0<\/b>kasutatakse energiasalvestiste<b>\u00a0<\/b>ehk akumulaatorite laadimiseks ning alalisvoolu tarbijate toitmiseks. Akulaadijad koos akudega on alalisvoolu UPS seadmeteks. T\u00f6\u00f6stusobjektide jaoks valmistatud akulaadijates kasutatakse tavaliselt paralleelt\u00f6\u00f6s olevaid (\u00a0<i>parallel redundant\u00a0<\/i>) \u00a0alaldeid, mis t\u00f5stab oluliselt kogu alalisvoolus\u00fcsteemi t\u00f6\u00f6kindlust. Akulaadimisvool on temperatuurkompenseeritud ja laadimisk\u00f5ver on nn IU karakteristikuga.<\/p>\n<\/div><\/section><\/div>\n\n<style type=\"text\/css\" data-created_by=\"avia_inline_auto\" id=\"style-css-av-av_one_half-531d5d4d3d3a74d4c56d8363993d8877\">\n.flex_column.av-av_one_half-531d5d4d3d3a74d4c56d8363993d8877{\n-webkit-border-radius:0px 0px 0px 0px;\n-moz-border-radius:0px 0px 0px 0px;\nborder-radius:0px 0px 0px 0px;\n}\n<\/style>\n<div class='flex_column av-av_one_half-531d5d4d3d3a74d4c56d8363993d8877 av_one_half  avia-builder-el-11  el_after_av_one_half  avia-builder-el-last  flex_column_div av-zero-column-padding '     ><style type=\"text\/css\" data-created_by=\"avia_inline_auto\" id=\"style-css-av-av_image-bd38d51a7e53ca7296b4c0a767aeafca\">\n.avia-image-container.av-av_image-bd38d51a7e53ca7296b4c0a767aeafca .avia-image-container-inner{\ntransform:scale3d( 1, 1, 1 ) skew( 0, 0 ) translate3d( 0, 0, 0 );\n}\n.avia-image-container.av-av_image-bd38d51a7e53ca7296b4c0a767aeafca img.avia_image{\nbox-shadow:none;\n}\n.avia-image-container.av-av_image-bd38d51a7e53ca7296b4c0a767aeafca .av-image-caption-overlay-center{\ncolor:#ffffff;\n}\n\n@media only screen and (min-width: 768px) and (max-width: 989px){ \n.avia-image-container.av-av_image-bd38d51a7e53ca7296b4c0a767aeafca .avia-image-container-inner{\ntransform:scale3d( 1, 1, 1 ) skew( 0, 0 ) translate3d( 0, 0, 0 );\n}\n}\n\n@media only screen and (min-width: 480px) and (max-width: 767px){ \n.avia-image-container.av-av_image-bd38d51a7e53ca7296b4c0a767aeafca .avia-image-container-inner{\ntransform:scale3d( 1, 1, 1 ) skew( 0, 0 ) translate3d( 0, 0, 0 );\n}\n}\n\n@media only screen and (max-width: 479px){ \n.avia-image-container.av-av_image-bd38d51a7e53ca7296b4c0a767aeafca .avia-image-container-inner{\ntransform:scale3d( 1, 1, 1 ) skew( 0, 0 ) translate3d( 0, 0, 0 );\n}\n}\n<\/style>\n<div  class='avia-image-container av-av_image-bd38d51a7e53ca7296b4c0a767aeafca av-styling- avia-align-left  avia-builder-el-12  avia-builder-el-no-sibling  av-custom-transform'   itemprop=\"image\" itemscope=\"itemscope\" itemtype=\"https:\/\/schema.org\/ImageObject\" ><div class=\"avia-image-container-inner\"><div class=\"avia-image-overlay-wrap\"><a href=\"https:\/\/estil.ee\/est\/wp-content\/uploads\/2018\/10\/IU_karakteristik_520x413-1.png\" data-srcset=\"https:\/\/estil.ee\/est\/wp-content\/uploads\/2018\/10\/IU_karakteristik_520x413-1.png 520w, https:\/\/estil.ee\/est\/wp-content\/uploads\/2018\/10\/IU_karakteristik_520x413-1-300x238.png 300w, https:\/\/estil.ee\/est\/wp-content\/uploads\/2018\/10\/IU_karakteristik_520x413-1-450x357.png 450w\" data-sizes=\"(max-width: 520px) 100vw, 520px\" class='avia_image' ><img decoding=\"async\" class='wp-image-4374 avia-img-lazy-loading-not-4374 avia_image ' src=\"https:\/\/estil.ee\/est\/wp-content\/uploads\/2018\/10\/IU_karakteristik_520x413-1.png\" alt='' title=''  height=\"413\" width=\"520\"  itemprop=\"thumbnailUrl\" srcset=\"https:\/\/estil.ee\/est\/wp-content\/uploads\/2018\/10\/IU_karakteristik_520x413-1.png 520w, https:\/\/estil.ee\/est\/wp-content\/uploads\/2018\/10\/IU_karakteristik_520x413-1-300x238.png 300w, https:\/\/estil.ee\/est\/wp-content\/uploads\/2018\/10\/IU_karakteristik_520x413-1-450x357.png 450w\" sizes=\"(max-width: 520px) 100vw, 520px\" \/><\/a><\/div><\/div><\/div><\/div>\n","protected":false},"excerpt":{"rendered":"<p>This is a Page excerpt. It will be displayed for search results<\/p>\n","protected":false},"author":1,"featured_media":0,"parent":4490,"menu_order":0,"comment_status":"open","ping_status":"open","template":"","meta":{"footnotes":""},"class_list":["post-4292","page","type-page","status-publish","hentry"],"_links":{"self":[{"href":"https:\/\/estil.ee\/est\/wp-json\/wp\/v2\/pages\/4292","targetHints":{"allow":["GET"]}}],"collection":[{"href":"https:\/\/estil.ee\/est\/wp-json\/wp\/v2\/pages"}],"about":[{"href":"https:\/\/estil.ee\/est\/wp-json\/wp\/v2\/types\/page"}],"author":[{"embeddable":true,"href":"https:\/\/estil.ee\/est\/wp-json\/wp\/v2\/users\/1"}],"replies":[{"embeddable":true,"href":"https:\/\/estil.ee\/est\/wp-json\/wp\/v2\/comments?post=4292"}],"version-history":[{"count":0,"href":"https:\/\/estil.ee\/est\/wp-json\/wp\/v2\/pages\/4292\/revisions"}],"up":[{"embeddable":true,"href":"https:\/\/estil.ee\/est\/wp-json\/wp\/v2\/pages\/4490"}],"wp:attachment":[{"href":"https:\/\/estil.ee\/est\/wp-json\/wp\/v2\/media?parent=4292"}],"curies":[{"name":"wp","href":"https:\/\/api.w.org\/{rel}","templated":true}]}}