{"id":4401,"date":"2018-10-22T08:32:55","date_gmt":"2018-10-22T08:32:55","guid":{"rendered":"http:\/\/elemental.ee\/estil\/?page_id=4401"},"modified":"2018-10-22T08:32:55","modified_gmt":"2018-10-22T08:32:55","slug":"ups","status":"publish","type":"page","link":"https:\/\/estil.ee\/est\/tooted-ja-teenused\/ups\/","title":{"rendered":"UPS"},"content":{"rendered":"\n<style type=\"text\/css\" data-created_by=\"avia_inline_auto\" id=\"style-css-av-av_section-7a8c966baefa70e6a13dd0d71ba6ceca\">\n.avia-section.av-av_section-7a8c966baefa70e6a13dd0d71ba6ceca{\nbackground-repeat:no-repeat;\nbackground-image:url(https:\/\/estil.ee\/est\/wp-content\/uploads\/2018\/10\/123header-1.jpg);\nbackground-position:50% 0%;\nbackground-attachment:scroll;\n}\n<\/style>\n<div id='teenused'  class='avia-section av-av_section-7a8c966baefa70e6a13dd0d71ba6ceca main_color avia-section-default avia-no-border-styling  avia-builder-el-0  el_before_av_one_full  avia-builder-el-first  avia-full-stretch avia-bg-style-scroll av-minimum-height av-minimum-height-custom  container_wrap sidebar_right'  data-section-bg-repeat='stretch' data-av_minimum_height_px='262'><div class='container av-section-cont-open' style='height:262px'><main  role=\"main\" itemprop=\"mainContentOfPage\"  class='template-page content  av-content-small alpha units'><div class='post-entry post-entry-type-page post-entry-4401'><div class='entry-content-wrapper clearfix'><\/div><\/div><\/main><!-- close content main element --><\/div><\/div><div id='after_section_1'  class='main_color av_default_container_wrap container_wrap sidebar_right'  ><div class='container av-section-cont-open' ><div class='template-page content  av-content-small alpha units'><div class='post-entry post-entry-type-page post-entry-4401'><div class='entry-content-wrapper clearfix'>\n\n<style type=\"text\/css\" data-created_by=\"avia_inline_auto\" id=\"style-css-av-av_one_full-b18ec1635791c30194c2fc90ea77ba9c\">\n.flex_column.av-av_one_full-b18ec1635791c30194c2fc90ea77ba9c{\n-webkit-border-radius:0px 0px 0px 0px;\n-moz-border-radius:0px 0px 0px 0px;\nborder-radius:0px 0px 0px 0px;\n}\n<\/style>\n<div class='flex_column av-av_one_full-b18ec1635791c30194c2fc90ea77ba9c av_one_full  avia-builder-el-1  el_after_av_section  el_before_av_one_full  avia-builder-el-first  first flex_column_div av-zero-column-padding '     ><p>\n<style type=\"text\/css\" data-created_by=\"avia_inline_auto\" id=\"style-css-av-av_heading-a7ebdd051124e101c22f316b55c8945b\">\n#top .av-special-heading.av-av_heading-a7ebdd051124e101c22f316b55c8945b{\npadding-bottom:10px;\ncolor:#4c4c4c;\nfont-size:40px;\n}\nbody .av-special-heading.av-av_heading-a7ebdd051124e101c22f316b55c8945b .av-special-heading-tag .heading-char{\nfont-size:25px;\n}\n#top #wrap_all .av-special-heading.av-av_heading-a7ebdd051124e101c22f316b55c8945b .av-special-heading-tag{\nfont-size:40px;\n}\n.av-special-heading.av-av_heading-a7ebdd051124e101c22f316b55c8945b .special-heading-inner-border{\nborder-color:#4c4c4c;\n}\n.av-special-heading.av-av_heading-a7ebdd051124e101c22f316b55c8945b .av-subheading{\nfont-size:15px;\n}\n<\/style>\n<div  class='av-special-heading av-av_heading-a7ebdd051124e101c22f316b55c8945b av-special-heading-h2 custom-color-heading blockquote modern-quote  avia-builder-el-2  el_before_av_textblock  avia-builder-el-first  av-inherit-size'><h2 class='av-special-heading-tag'  itemprop=\"headline\"  ><b>UPS<\/b> ehk katkematu elektritoite allikas<\/h2><div class=\"special-heading-border\"><div class=\"special-heading-inner-border\"><\/div><\/div><\/div><br \/>\n<section  class='av_textblock_section av-av_textblock-396ddf1f42196ca838231e61a4602801'  itemscope=\"itemscope\" itemtype=\"https:\/\/schema.org\/CreativeWork\" ><div class='avia_textblock'  itemprop=\"text\" ><p style=\"text-align: justify;\">UPS ehk katkematu elektritoite allikas on seade, mis kindlustab tarbijatele katkestusvaba toite olukorras, kus v\u00f5rgutoide kaob, puudub v\u00f5i selle kvaliteet on ebarahuldav. UPS s\u00fcsteem koosneb elektrienergia salvestist, voolumuunduritest, l\u00fclitus \u2013 ja kaitseseadmetest. Elektrienergia salvestina kasutatakse peamiselt suletud, hooldusvabasid plii \u2013 happeakusid.<\/p>\n<\/div><\/section><\/p><\/div>\n\n<style type=\"text\/css\" data-created_by=\"avia_inline_auto\" id=\"style-css-av-av_one_full-90d1c5aaba8eb1bf007cddd1ef125395\">\n.flex_column.av-av_one_full-90d1c5aaba8eb1bf007cddd1ef125395{\n-webkit-border-radius:0px 0px 0px 0px;\n-moz-border-radius:0px 0px 0px 0px;\nborder-radius:0px 0px 0px 0px;\npadding:30px 30px 30px 30px;\nbackground-color:#f2f2f2;\n}\n<\/style>\n<div class='flex_column av-av_one_full-90d1c5aaba8eb1bf007cddd1ef125395 av_one_full  avia-builder-el-4  el_after_av_one_full  el_before_av_one_full  first flex_column_div column-top-margin'     ><section  class='av_textblock_section av-av_textblock-396ddf1f42196ca838231e61a4602801'  itemscope=\"itemscope\" itemtype=\"https:\/\/schema.org\/CreativeWork\" ><div class='avia_textblock'  itemprop=\"text\" ><div id=\"ArticlesContainer\" style=\"text-align: justify;\">\n<h1>Riello UPS<\/h1>\n<p><strong>Riello UPS<\/strong>, varasema tootenimega ka\u00a0<strong>AROS<\/strong>, toodab keskmise ja suure v\u00f5imsusega UPS seadmeid, milledel on transistor ehk\u00a0<i>IGBT<\/i>\u00a0alaldi. Sellised\u00a0<i>VFI\u00a0<\/i>\u00a0ehk\u00a0<i>On-Line<\/i>\u00a0tehnoloogial baseeruvad \u00a0katkematu toite allikad on suure kasuteguriga ja nende vooluharmooniliste sageduste nivoo\u00a0<i>THDI<\/i>\u00a0UPS seadmete sisendis on v\u00e4iksem kui 3%. V\u00e4iksema v\u00f5imsusega, nii\u00a0<i>Off-line<\/i>\u00a0kui ka\u00a0<i>On-Line<\/i>\u00a0UPS seadmeid, mida Riello UPS toodab, saab paigaldada nii vertikaalselt nn\u00a0<i>Tower<\/i>\u00a0asetusega, kui ka horistontaalselt ehk\u00a0<i>rack<\/i>\u00a0asetusega. Riello UPS seadmete m\u00fc\u00fck on Eestis viimase nelja aasta jooksul suurenenud keskmiselt 25% aastas t\u00e4nu v\u00e4ga heale hinna\/ kvaliteedi suhtele.<\/p>\n<\/div>\n<\/div><\/section><\/div>\n\n<style type=\"text\/css\" data-created_by=\"avia_inline_auto\" id=\"style-css-av-av_one_full-90d1c5aaba8eb1bf007cddd1ef125395\">\n.flex_column.av-av_one_full-90d1c5aaba8eb1bf007cddd1ef125395{\n-webkit-border-radius:0px 0px 0px 0px;\n-moz-border-radius:0px 0px 0px 0px;\nborder-radius:0px 0px 0px 0px;\npadding:30px 30px 30px 30px;\nbackground-color:#f2f2f2;\n}\n<\/style>\n<div class='flex_column av-av_one_full-90d1c5aaba8eb1bf007cddd1ef125395 av_one_full  avia-builder-el-6  el_after_av_one_full  avia-builder-el-last  first flex_column_div column-top-margin'     ><section  class='av_textblock_section av-av_textblock-396ddf1f42196ca838231e61a4602801'  itemscope=\"itemscope\" itemtype=\"https:\/\/schema.org\/CreativeWork\" ><div class='avia_textblock'  itemprop=\"text\" ><div id=\"ArticlesContainer\" style=\"text-align: justify;\">\n<h1>Legrand UPS<\/h1>\n<p><strong>Legrand Modulaarne <\/strong>UPS on kolmefaasiline katkematu On-line toiteallikas mille inverter t\u00f6\u00f6tab PWM k\u00f5rgetel sagedustel. Modulaarse arhitektuuri erip\u00e4raks on \u00fchefaasilistest moodulitest koosnev s\u00fcsteem v\u00f5imsusega 10 kuni 480kW. Selline modulaarne UPS \u00fclesehitus on v\u00e4ga paindlik. Hilisem s\u00fcsteemi laiendus ja \u00fcmberkonfigureerimine on h\u00f5lbus t\u00e4nu kontseptsioonile: \u201eosta siis kui kasvad\u201c. UPS mooduleid on lihtne ja mugav hoolduseks ja remondiks s\u00fcsteemist eemaldada.<\/p>\n<\/div>\n<\/div><\/section><\/div>\n","protected":false},"excerpt":{"rendered":"<p>This is a Page excerpt. It will be displayed for search results<\/p>\n","protected":false},"author":1,"featured_media":0,"parent":4490,"menu_order":0,"comment_status":"open","ping_status":"open","template":"","meta":{"footnotes":""},"class_list":["post-4401","page","type-page","status-publish","hentry"],"_links":{"self":[{"href":"https:\/\/estil.ee\/est\/wp-json\/wp\/v2\/pages\/4401","targetHints":{"allow":["GET"]}}],"collection":[{"href":"https:\/\/estil.ee\/est\/wp-json\/wp\/v2\/pages"}],"about":[{"href":"https:\/\/estil.ee\/est\/wp-json\/wp\/v2\/types\/page"}],"author":[{"embeddable":true,"href":"https:\/\/estil.ee\/est\/wp-json\/wp\/v2\/users\/1"}],"replies":[{"embeddable":true,"href":"https:\/\/estil.ee\/est\/wp-json\/wp\/v2\/comments?post=4401"}],"version-history":[{"count":0,"href":"https:\/\/estil.ee\/est\/wp-json\/wp\/v2\/pages\/4401\/revisions"}],"up":[{"embeddable":true,"href":"https:\/\/estil.ee\/est\/wp-json\/wp\/v2\/pages\/4490"}],"wp:attachment":[{"href":"https:\/\/estil.ee\/est\/wp-json\/wp\/v2\/media?parent=4401"}],"curies":[{"name":"wp","href":"https:\/\/api.w.org\/{rel}","templated":true}]}}