{"id":4441,"date":"2018-10-22T09:42:15","date_gmt":"2018-10-22T09:42:15","guid":{"rendered":"http:\/\/elemental.ee\/estil\/?page_id=4441"},"modified":"2018-10-22T09:42:15","modified_gmt":"2018-10-22T09:42:15","slug":"legrand-ups","status":"publish","type":"page","link":"https:\/\/www.estil.ee\/est\/tooted-ja-teenused\/ups\/legrand-ups\/","title":{"rendered":"Legrand UPS"},"content":{"rendered":"\n<style type=\"text\/css\" data-created_by=\"avia_inline_auto\" id=\"style-css-av-av_section-7a8c966baefa70e6a13dd0d71ba6ceca\">\n.avia-section.av-av_section-7a8c966baefa70e6a13dd0d71ba6ceca{\nbackground-repeat:no-repeat;\nbackground-image:url(https:\/\/www.estil.ee\/est\/wp-content\/uploads\/2018\/10\/123header-1.jpg);\nbackground-position:50% 0%;\nbackground-attachment:scroll;\n}\n<\/style>\n<div id='teenused'  class='avia-section av-av_section-7a8c966baefa70e6a13dd0d71ba6ceca main_color avia-section-default avia-no-border-styling  avia-builder-el-0  el_before_av_textblock  avia-builder-el-first  avia-full-stretch avia-bg-style-scroll av-minimum-height av-minimum-height-custom  container_wrap sidebar_right'  data-section-bg-repeat='stretch' data-av_minimum_height_px='262'><div class='container av-section-cont-open' style='height:262px'><main  role=\"main\" itemprop=\"mainContentOfPage\"  class='template-page content  av-content-small alpha units'><div class='post-entry post-entry-type-page post-entry-4441'><div class='entry-content-wrapper clearfix'><\/div><\/div><\/main><!-- close content main element --><\/div><\/div><div id='after_section_1'  class='main_color av_default_container_wrap container_wrap sidebar_right'  ><div class='container av-section-cont-open' ><div class='template-page content  av-content-small alpha units'><div class='post-entry post-entry-type-page post-entry-4441'><div class='entry-content-wrapper clearfix'>\n<section  class='av_textblock_section av-av_textblock-396ddf1f42196ca838231e61a4602801'  itemscope=\"itemscope\" itemtype=\"https:\/\/schema.org\/CreativeWork\" ><div class='avia_textblock'  itemprop=\"text\" ><h1>Legrand UPS<\/h1>\n<p style=\"text-align: justify;\"><strong>Legrand Modulaarne\u00a0<\/strong>UPS on kolmefaasiline katkematu On-line toiteallikas mille inverter t\u00f6\u00f6tab PWM k\u00f5rgetel sagedustel. Modulaarse arhitektuuri erip\u00e4raks on \u00fchefaasilistest moodulitest koosnev s\u00fcsteem v\u00f5imsusega 10 kuni 480kW. Selline modulaarne UPS \u00fclesehitus on v\u00e4ga paindlik. Hilisem s\u00fcsteemi laiendus ja \u00fcmberkonfigureerimine on h\u00f5lbus t\u00e4nu kontseptsioonile: \u201eosta siis kui kasvad\u201c. UPS mooduleid on lihtne ja mugav hoolduseks ja remondiks s\u00fcsteemist eemaldada.<\/p>\n<\/div><\/section>\n\n<style type=\"text\/css\" data-created_by=\"avia_inline_auto\" id=\"style-css-av-av_hr-78c3437b76b0cfc292e785efcfa7651d\">\n#top .hr.av-av_hr-78c3437b76b0cfc292e785efcfa7651d{\nmargin-top:10px;\nmargin-bottom:10px;\n}\n.hr.av-av_hr-78c3437b76b0cfc292e785efcfa7651d .hr-inner{\nwidth:100%;\nborder-color:#d8d8d8;\n}\n<\/style>\n<div  class='hr av-av_hr-78c3437b76b0cfc292e785efcfa7651d hr-custom  avia-builder-el-2  el_after_av_textblock  el_before_av_one_half  hr-center hr-icon-no'><span class='hr-inner inner-border-av-border-thin'><span class=\"hr-inner-style\"><\/span><\/span><\/div>\n<div class='flex_column_table av-av_one_half-201587a3cb27360f0e7f6c88d43151c7 sc-av_one_half av-equal-height-column-flextable'>\n<style type=\"text\/css\" data-created_by=\"avia_inline_auto\" id=\"style-css-av-av_one_half-201587a3cb27360f0e7f6c88d43151c7\">\n.flex_column.av-av_one_half-201587a3cb27360f0e7f6c88d43151c7{\n-webkit-border-radius:0px 0px 0px 0px;\n-moz-border-radius:0px 0px 0px 0px;\nborder-radius:0px 0px 0px 0px;\n}\n<\/style>\n<div class='flex_column av-av_one_half-201587a3cb27360f0e7f6c88d43151c7 av_one_half  avia-builder-el-3  el_after_av_hr  el_before_av_one_half  first flex_column_table_cell av-equal-height-column av-align-top av-zero-column-padding '     ><section  class='av_textblock_section av-av_textblock-396ddf1f42196ca838231e61a4602801'  itemscope=\"itemscope\" itemtype=\"https:\/\/schema.org\/CreativeWork\" ><div class='avia_textblock'  itemprop=\"text\" ><div id=\"ArticlesContainer\">\n<h3>Trimod HE<\/h3>\n<\/div>\n<\/div><\/section><br \/>\n<section  class='av_textblock_section av-av_textblock-396ddf1f42196ca838231e61a4602801'  itemscope=\"itemscope\" itemtype=\"https:\/\/schema.org\/CreativeWork\" ><div class='avia_textblock'  itemprop=\"text\" ><p style=\"text-align: justify;\"><strong>TRIMOD HE<\/strong> UPS on kolmefaasiline katkematu On-line toiteallikas mille inverter t\u00f6\u00f6tab PWM k\u00f5rgetel sagedustel. Modulaarse arhitektuuri erip\u00e4raks on \u00fchefaasilistest moodulitest koosnev s\u00fcsteem v\u00f5imsusega 10 kuni 80kW. Selline modulaarne UPS \u00fclesehitus on v\u00e4ga paindlik. Hilisem s\u00fcsteemi laiendus ja \u00fcmberkonfigureerimine on h\u00f5lbus t\u00e4nu kontseptsioonile: \u201eosta siis kui kasvad\u201c. UPS mooduleid on lihtne ja mugav hoolduseks ja remondiks s\u00fcsteemist eemaldada. Mooduli vahetuseks ei ole ilmtingimata vaja UPS m\u00fc\u00fcki ja hooldust teostava ettev\u00f5tte esindajat v\u00e4lja kutsuda. Akusid saab paigaldada kas UPS-i sisse, v\u00e4listesse akukappidesse v\u00f5i riiulitele.<\/p>\n<\/div><\/section><br \/>\n<div id='av-masonry-1' class='av-masonry av-av_masonry_gallery-9356faad25a22000874c782c723ac74e noHover av-flex-size av-1px-gap av-hover-overlay- av-masonry-animation-active av-masonry-col-flexible av-caption-always av-caption-style- av-masonry-gallery '><div class=\"av-masonry-container isotope av-js-disabled\"><div class='av-masonry-entry isotope-item av-masonry-item-no-image '><\/div><a href=\"https:\/\/www.estil.ee\/est\/wp-content\/uploads\/2018\/10\/310427-LEGRAND-1000-1.jpg\" data-srcset=\"https:\/\/www.estil.ee\/est\/wp-content\/uploads\/2018\/10\/310427-LEGRAND-1000-1.jpg 1000w, https:\/\/www.estil.ee\/est\/wp-content\/uploads\/2018\/10\/310427-LEGRAND-1000-1-80x80.jpg 80w, https:\/\/www.estil.ee\/est\/wp-content\/uploads\/2018\/10\/310427-LEGRAND-1000-1-300x300.jpg 300w, https:\/\/www.estil.ee\/est\/wp-content\/uploads\/2018\/10\/310427-LEGRAND-1000-1-768x768.jpg 768w, https:\/\/www.estil.ee\/est\/wp-content\/uploads\/2018\/10\/310427-LEGRAND-1000-1-36x36.jpg 36w, https:\/\/www.estil.ee\/est\/wp-content\/uploads\/2018\/10\/310427-LEGRAND-1000-1-180x180.jpg 180w, https:\/\/www.estil.ee\/est\/wp-content\/uploads\/2018\/10\/310427-LEGRAND-1000-1-705x705.jpg 705w, https:\/\/www.estil.ee\/est\/wp-content\/uploads\/2018\/10\/310427-LEGRAND-1000-1-120x120.jpg 120w, https:\/\/www.estil.ee\/est\/wp-content\/uploads\/2018\/10\/310427-LEGRAND-1000-1-450x450.jpg 450w\" data-sizes=\"(max-width: 1000px) 100vw, 1000px\"  aria-label=\"image 310427-LEGRAND-1000\"  id='av-masonry-1-item-4925' data-av-masonry-item='4925' class='av-masonry-entry isotope-item post-4925 attachment type-attachment status-inherit hentry  av-masonry-item-with-image' title=\"310427-LEGRAND-1000\" alt=\"\"    itemprop=\"thumbnailUrl\" ><div class='av-inner-masonry-sizer'><\/div><figure class='av-inner-masonry main_color'><div class=\"av-masonry-outerimage-container\"><div class='av-masonry-image-container'   ><img decoding=\"async\" width=\"705\" height=\"705\" class=\"wp-image-4925 avia-img-lazy-loading-not-4925\"  src=\"https:\/\/www.estil.ee\/est\/wp-content\/uploads\/2018\/10\/310427-LEGRAND-1000-1-705x705.jpg\" title=\"310427-LEGRAND-1000\" alt=\"\" srcset=\"https:\/\/www.estil.ee\/est\/wp-content\/uploads\/2018\/10\/310427-LEGRAND-1000-1-705x705.jpg 705w, https:\/\/www.estil.ee\/est\/wp-content\/uploads\/2018\/10\/310427-LEGRAND-1000-1-80x80.jpg 80w, https:\/\/www.estil.ee\/est\/wp-content\/uploads\/2018\/10\/310427-LEGRAND-1000-1-300x300.jpg 300w, https:\/\/www.estil.ee\/est\/wp-content\/uploads\/2018\/10\/310427-LEGRAND-1000-1-768x768.jpg 768w, https:\/\/www.estil.ee\/est\/wp-content\/uploads\/2018\/10\/310427-LEGRAND-1000-1-36x36.jpg 36w, https:\/\/www.estil.ee\/est\/wp-content\/uploads\/2018\/10\/310427-LEGRAND-1000-1-180x180.jpg 180w, https:\/\/www.estil.ee\/est\/wp-content\/uploads\/2018\/10\/310427-LEGRAND-1000-1-120x120.jpg 120w, https:\/\/www.estil.ee\/est\/wp-content\/uploads\/2018\/10\/310427-LEGRAND-1000-1-450x450.jpg 450w, https:\/\/www.estil.ee\/est\/wp-content\/uploads\/2018\/10\/310427-LEGRAND-1000-1.jpg 1000w\" sizes=\"(max-width: 705px) 100vw, 705px\" \/><\/div><\/div><\/figure><\/a><!--end av-masonry entry--><\/div><\/div><\/p><\/div>\n<div class='av-flex-placeholder'><\/div>\n<style type=\"text\/css\" data-created_by=\"avia_inline_auto\" id=\"style-css-av-av_one_half-f0fcb8bb41a234057e2267553906b5cb\">\n.flex_column.av-av_one_half-f0fcb8bb41a234057e2267553906b5cb{\n-webkit-border-radius:0px 0px 0px 0px;\n-moz-border-radius:0px 0px 0px 0px;\nborder-radius:0px 0px 0px 0px;\n}\n<\/style>\n<div class='flex_column av-av_one_half-f0fcb8bb41a234057e2267553906b5cb av_one_half  avia-builder-el-7  el_after_av_one_half  el_before_av_hr  flex_column_table_cell av-equal-height-column av-align-top av-zero-column-padding '     ><p><section  class='av_textblock_section av-av_textblock-396ddf1f42196ca838231e61a4602801'  itemscope=\"itemscope\" itemtype=\"https:\/\/schema.org\/CreativeWork\" ><div class='avia_textblock'  itemprop=\"text\" ><p><strong>Peamised parameetrid:<\/strong><\/p>\n<\/div><\/section><br \/>\n<section  class='av_textblock_section av-av_textblock-396ddf1f42196ca838231e61a4602801'  itemscope=\"itemscope\" itemtype=\"https:\/\/schema.org\/CreativeWork\" ><div class='avia_textblock'  itemprop=\"text\" ><p>V\u00f5imsus 10 kuni 80 kW<br \/>\nVFI-SS-111 On-line, kahekordne voolumuundamine<br \/>\nK\u00f5rge kasutegur, kuni 96%<br \/>\nV\u00f5imsustegur 1<br \/>\nKohandatavad ja laiendatavad faasikonfiguratsioonid 3\/1; 3\/3; 1\/3<br \/>\nDiagnostika, seire, ajalooliste andmete vaatamine ja parameetrite seadistamine ekraanil<br \/>\nV\u00e4ike jalaj\u00e4lg t\u00e4nu kompaktsetele m\u00f5\u00f5tmetele<br \/>\nMulti-juhtpaneeli funktsioon<br \/>\nKahe sisendi olemasolu<br \/>\nPlug &amp; Play tehnoloogia<br \/>\nMen\u00fc\u00fc on saadaval 7 keeles<br \/>\nSisendvoolu sagedus 40-70Hz<br \/>\nKolm s\u00f5ltumatut v\u00e4ljundvoolu faasi<br \/>\nEco Mode<br \/>\nEPS re\u017eiim<br \/>\n\u00dcldised ajaloolised andmed iga \u00fcksiku j\u00f5umooduli kohta<br \/>\nBy-pass l\u00fclituskiiruse s\u00e4te<br \/>\nJ\u00f5umoodulite automaatne tunnistamine<\/p>\n<\/div><\/section><\/p><\/div><\/div><!--close column table wrapper. Autoclose: 1 -->\n\n<style type=\"text\/css\" data-created_by=\"avia_inline_auto\" id=\"style-css-av-av_hr-78c3437b76b0cfc292e785efcfa7651d\">\n#top .hr.av-av_hr-78c3437b76b0cfc292e785efcfa7651d{\nmargin-top:10px;\nmargin-bottom:10px;\n}\n.hr.av-av_hr-78c3437b76b0cfc292e785efcfa7651d .hr-inner{\nwidth:100%;\nborder-color:#d8d8d8;\n}\n<\/style>\n<div  class='hr av-av_hr-78c3437b76b0cfc292e785efcfa7651d hr-custom  avia-builder-el-10  el_after_av_one_half  el_before_av_one_half  hr-center hr-icon-no'><span class='hr-inner inner-border-av-border-thin'><span class=\"hr-inner-style\"><\/span><\/span><\/div>\n<div class='flex_column_table av-av_one_half-201587a3cb27360f0e7f6c88d43151c7 sc-av_one_half av-equal-height-column-flextable'>\n<style type=\"text\/css\" data-created_by=\"avia_inline_auto\" id=\"style-css-av-av_one_half-201587a3cb27360f0e7f6c88d43151c7\">\n.flex_column.av-av_one_half-201587a3cb27360f0e7f6c88d43151c7{\n-webkit-border-radius:0px 0px 0px 0px;\n-moz-border-radius:0px 0px 0px 0px;\nborder-radius:0px 0px 0px 0px;\n}\n<\/style>\n<div class='flex_column av-av_one_half-201587a3cb27360f0e7f6c88d43151c7 av_one_half  avia-builder-el-11  el_after_av_hr  el_before_av_one_half  first flex_column_table_cell av-equal-height-column av-align-top av-zero-column-padding '     ><section  class='av_textblock_section av-av_textblock-396ddf1f42196ca838231e61a4602801'  itemscope=\"itemscope\" itemtype=\"https:\/\/schema.org\/CreativeWork\" ><div class='avia_textblock'  itemprop=\"text\" ><div id=\"ArticlesContainer\">\n<h3>Archimod HE<\/h3>\n<\/div>\n<\/div><\/section><br \/>\n<section  class='av_textblock_section av-av_textblock-396ddf1f42196ca838231e61a4602801'  itemscope=\"itemscope\" itemtype=\"https:\/\/schema.org\/CreativeWork\" ><div class='avia_textblock'  itemprop=\"text\" ><p style=\"text-align: justify;\"><strong>ARCHIMOD HE<\/strong> UPS on kolmefaasiline katkematu On-line toiteallikas mille inverter t\u00f6\u00f6tab PWM k\u00f5rgetel sagedustel. Modulaarse arhitektuuri erip\u00e4raks on \u00fchefaasilistest moodulitest koosnev s\u00fcsteem v\u00f5imsusega 20 kuni 120kW. Selline modulaarne UPS \u00fclesehitus on v\u00e4ga paindlik. Hilisem s\u00fcsteemi laiendus ja \u00fcmberkonfigureerimine on h\u00f5lbus t\u00e4nu kontseptsioonile: \u201e osta siis kui kasvad\u201c. UPS mooduleid on lihtne ja mugav hoolduseks ja remondiks s\u00fcsteemist eemaldada. Mooduli vahetuseks ei ole ilmtingimata vaja UPS m\u00fc\u00fcki ja hooldust teostava ettev\u00f5tte esindajat v\u00e4lja kutsuda. Akusid saab paigaldada kas UPS-i sisse, v\u00e4listesse akukappidesse v\u00f5i riiulitele.<\/p>\n<\/div><\/section><br \/>\n<div id='av-masonry-2' class='av-masonry av-av_masonry_gallery-bab8039624c11979c8b4ff8d4374575b noHover av-flex-size av-1px-gap av-hover-overlay- av-masonry-animation-active av-masonry-col-flexible av-caption-always av-caption-style- av-masonry-gallery '><div class=\"av-masonry-container isotope av-js-disabled\"><div class='av-masonry-entry isotope-item av-masonry-item-no-image '><\/div><a href=\"https:\/\/www.estil.ee\/est\/wp-content\/uploads\/2018\/10\/310420-LEGRAND-1000-1.jpg\" data-srcset=\"https:\/\/www.estil.ee\/est\/wp-content\/uploads\/2018\/10\/310420-LEGRAND-1000-1.jpg 1000w, https:\/\/www.estil.ee\/est\/wp-content\/uploads\/2018\/10\/310420-LEGRAND-1000-1-80x80.jpg 80w, https:\/\/www.estil.ee\/est\/wp-content\/uploads\/2018\/10\/310420-LEGRAND-1000-1-300x300.jpg 300w, https:\/\/www.estil.ee\/est\/wp-content\/uploads\/2018\/10\/310420-LEGRAND-1000-1-768x768.jpg 768w, https:\/\/www.estil.ee\/est\/wp-content\/uploads\/2018\/10\/310420-LEGRAND-1000-1-36x36.jpg 36w, https:\/\/www.estil.ee\/est\/wp-content\/uploads\/2018\/10\/310420-LEGRAND-1000-1-180x180.jpg 180w, https:\/\/www.estil.ee\/est\/wp-content\/uploads\/2018\/10\/310420-LEGRAND-1000-1-705x705.jpg 705w, https:\/\/www.estil.ee\/est\/wp-content\/uploads\/2018\/10\/310420-LEGRAND-1000-1-120x120.jpg 120w, https:\/\/www.estil.ee\/est\/wp-content\/uploads\/2018\/10\/310420-LEGRAND-1000-1-450x450.jpg 450w\" data-sizes=\"(max-width: 1000px) 100vw, 1000px\"  aria-label=\"image 310420-LEGRAND-1000\"  id='av-masonry-2-item-4929' data-av-masonry-item='4929' class='av-masonry-entry isotope-item post-4929 attachment type-attachment status-inherit hentry  av-masonry-item-with-image' title=\"310420-LEGRAND-1000\" alt=\"\"    itemprop=\"thumbnailUrl\" ><div class='av-inner-masonry-sizer'><\/div><figure class='av-inner-masonry main_color'><div class=\"av-masonry-outerimage-container\"><div class='av-masonry-image-container'   ><img decoding=\"async\" width=\"705\" height=\"705\" class=\"wp-image-4929 avia-img-lazy-loading-not-4929\"  src=\"https:\/\/www.estil.ee\/est\/wp-content\/uploads\/2018\/10\/310420-LEGRAND-1000-1-705x705.jpg\" title=\"310420-LEGRAND-1000\" alt=\"\" srcset=\"https:\/\/www.estil.ee\/est\/wp-content\/uploads\/2018\/10\/310420-LEGRAND-1000-1-705x705.jpg 705w, https:\/\/www.estil.ee\/est\/wp-content\/uploads\/2018\/10\/310420-LEGRAND-1000-1-80x80.jpg 80w, https:\/\/www.estil.ee\/est\/wp-content\/uploads\/2018\/10\/310420-LEGRAND-1000-1-300x300.jpg 300w, https:\/\/www.estil.ee\/est\/wp-content\/uploads\/2018\/10\/310420-LEGRAND-1000-1-768x768.jpg 768w, https:\/\/www.estil.ee\/est\/wp-content\/uploads\/2018\/10\/310420-LEGRAND-1000-1-36x36.jpg 36w, https:\/\/www.estil.ee\/est\/wp-content\/uploads\/2018\/10\/310420-LEGRAND-1000-1-180x180.jpg 180w, https:\/\/www.estil.ee\/est\/wp-content\/uploads\/2018\/10\/310420-LEGRAND-1000-1-120x120.jpg 120w, https:\/\/www.estil.ee\/est\/wp-content\/uploads\/2018\/10\/310420-LEGRAND-1000-1-450x450.jpg 450w, https:\/\/www.estil.ee\/est\/wp-content\/uploads\/2018\/10\/310420-LEGRAND-1000-1.jpg 1000w\" sizes=\"(max-width: 705px) 100vw, 705px\" \/><\/div><\/div><\/figure><\/a><!--end av-masonry entry--><\/div><\/div><\/p><\/div>\n<div class='av-flex-placeholder'><\/div>\n<style type=\"text\/css\" data-created_by=\"avia_inline_auto\" id=\"style-css-av-av_one_half-f0fcb8bb41a234057e2267553906b5cb\">\n.flex_column.av-av_one_half-f0fcb8bb41a234057e2267553906b5cb{\n-webkit-border-radius:0px 0px 0px 0px;\n-moz-border-radius:0px 0px 0px 0px;\nborder-radius:0px 0px 0px 0px;\n}\n<\/style>\n<div class='flex_column av-av_one_half-f0fcb8bb41a234057e2267553906b5cb av_one_half  avia-builder-el-15  el_after_av_one_half  avia-builder-el-last  flex_column_table_cell av-equal-height-column av-align-top av-zero-column-padding '     ><p><section  class='av_textblock_section av-av_textblock-396ddf1f42196ca838231e61a4602801'  itemscope=\"itemscope\" itemtype=\"https:\/\/schema.org\/CreativeWork\" ><div class='avia_textblock'  itemprop=\"text\" ><p><strong>Peamised parameetrid:<\/strong><\/p>\n<\/div><\/section><br \/>\n<section  class='av_textblock_section av-av_textblock-396ddf1f42196ca838231e61a4602801'  itemscope=\"itemscope\" itemtype=\"https:\/\/schema.org\/CreativeWork\" ><div class='avia_textblock'  itemprop=\"text\" ><p>V\u00f5imsus 20 kuni 120 kW 19\u201c r\u00e4kikapis<br \/>\nVFI-SS-111 On-line, kahekordne voolumuundamine<br \/>\nK\u00f5rge kasutegur, kuni 96%<br \/>\nV\u00f5imsustegur 1<br \/>\nKohandatavad ja laiendatavad faasikonfiguratsioonid 3\/1; 3\/3; 1\/3<br \/>\nDiagnostika, seire, ajalooliste andmete vaatamine ja parameetrite seadistamine ekraanil<br \/>\nV\u00e4ike jalaj\u00e4lg t\u00e4nu kompaktsetele m\u00f5\u00f5tmetele<br \/>\nMulti-juhtpaneeli funktsioon<br \/>\nKahe sisendi olemasolu<br \/>\nPlug &amp; Play tehnoloogia<br \/>\nMen\u00fc\u00fc on saadaval 7 keeles<br \/>\nSisendvoolu sagedus 40-70Hz<br \/>\nKolm s\u00f5ltumatut v\u00e4ljundvoolu faasi<br \/>\nEco Mode<br \/>\nEPS re\u017eiim<br \/>\nHot swap moodulite vahetus<br \/>\n\u00dcldised ajaloolised andmed iga \u00fcksiku j\u00f5umooduli kohta<br \/>\nBy-pass l\u00fclituskiiruse s\u00e4te<br \/>\nJ\u00f5umoodulite automaatne tunnistamine<\/p>\n<\/div><\/section><\/p><\/div><\/div><!--close column table wrapper. Autoclose: 1 -->\n","protected":false},"excerpt":{"rendered":"<p>This is a Page excerpt. It will be displayed for search results<\/p>\n","protected":false},"author":1,"featured_media":0,"parent":4401,"menu_order":0,"comment_status":"open","ping_status":"open","template":"","meta":{"footnotes":""},"class_list":["post-4441","page","type-page","status-publish","hentry"],"_links":{"self":[{"href":"https:\/\/www.estil.ee\/est\/wp-json\/wp\/v2\/pages\/4441","targetHints":{"allow":["GET"]}}],"collection":[{"href":"https:\/\/www.estil.ee\/est\/wp-json\/wp\/v2\/pages"}],"about":[{"href":"https:\/\/www.estil.ee\/est\/wp-json\/wp\/v2\/types\/page"}],"author":[{"embeddable":true,"href":"https:\/\/www.estil.ee\/est\/wp-json\/wp\/v2\/users\/1"}],"replies":[{"embeddable":true,"href":"https:\/\/www.estil.ee\/est\/wp-json\/wp\/v2\/comments?post=4441"}],"version-history":[{"count":0,"href":"https:\/\/www.estil.ee\/est\/wp-json\/wp\/v2\/pages\/4441\/revisions"}],"up":[{"embeddable":true,"href":"https:\/\/www.estil.ee\/est\/wp-json\/wp\/v2\/pages\/4401"}],"wp:attachment":[{"href":"https:\/\/www.estil.ee\/est\/wp-json\/wp\/v2\/media?parent=4441"}],"curies":[{"name":"wp","href":"https:\/\/api.w.org\/{rel}","templated":true}]}}