{"id":4479,"date":"2018-10-22T10:06:31","date_gmt":"2018-10-22T10:06:31","guid":{"rendered":"http:\/\/elemental.ee\/estil\/?page_id=4479"},"modified":"2018-10-22T10:06:31","modified_gmt":"2018-10-22T10:06:31","slug":"csb-akud","status":"publish","type":"page","link":"https:\/\/estil.ee\/est\/tooted-ja-teenused\/akupatareid\/csb-akud\/","title":{"rendered":"CSB akud"},"content":{"rendered":"\n<style type=\"text\/css\" data-created_by=\"avia_inline_auto\" id=\"style-css-av-av_section-7a8c966baefa70e6a13dd0d71ba6ceca\">\n.avia-section.av-av_section-7a8c966baefa70e6a13dd0d71ba6ceca{\nbackground-repeat:no-repeat;\nbackground-image:url(https:\/\/estil.ee\/est\/wp-content\/uploads\/2018\/10\/123header-1.jpg);\nbackground-position:50% 0%;\nbackground-attachment:scroll;\n}\n<\/style>\n<div id='teenused'  class='avia-section av-av_section-7a8c966baefa70e6a13dd0d71ba6ceca main_color avia-section-default avia-no-border-styling  avia-builder-el-0  el_before_av_heading  avia-builder-el-first  avia-full-stretch avia-bg-style-scroll av-minimum-height av-minimum-height-custom  container_wrap sidebar_right'  data-section-bg-repeat='stretch' data-av_minimum_height_px='262'><div class='container av-section-cont-open' style='height:262px'><main  role=\"main\" itemprop=\"mainContentOfPage\"  class='template-page content  av-content-small alpha units'><div class='post-entry post-entry-type-page post-entry-4479'><div class='entry-content-wrapper clearfix'><\/div><\/div><\/main><!-- close content main element --><\/div><\/div><div id='after_section_1'  class='main_color av_default_container_wrap container_wrap sidebar_right'  ><div class='container av-section-cont-open' ><div class='template-page content  av-content-small alpha units'><div class='post-entry post-entry-type-page post-entry-4479'><div class='entry-content-wrapper clearfix'>\n\n<style type=\"text\/css\" data-created_by=\"avia_inline_auto\" id=\"style-css-av-av_heading-dd2c8ccab3c5df0aee88a09fde619bc6\">\n#top .av-special-heading.av-av_heading-dd2c8ccab3c5df0aee88a09fde619bc6{\npadding-bottom:10px;\ncolor:#4c4c4c;\nfont-size:40px;\n}\nbody .av-special-heading.av-av_heading-dd2c8ccab3c5df0aee88a09fde619bc6 .av-special-heading-tag .heading-char{\nfont-size:25px;\n}\n#top #wrap_all .av-special-heading.av-av_heading-dd2c8ccab3c5df0aee88a09fde619bc6 .av-special-heading-tag{\nfont-size:40px;\n}\n.av-special-heading.av-av_heading-dd2c8ccab3c5df0aee88a09fde619bc6 .special-heading-inner-border{\nborder-color:#4c4c4c;\n}\n.av-special-heading.av-av_heading-dd2c8ccab3c5df0aee88a09fde619bc6 .av-subheading{\nfont-size:15px;\n}\n<\/style>\n<div  class='av-special-heading av-av_heading-dd2c8ccab3c5df0aee88a09fde619bc6 av-special-heading-h2 custom-color-heading blockquote modern-quote  avia-builder-el-1  el_after_av_section  el_before_av_hr  avia-builder-el-first  av-thin-font av-inherit-size'><h2 class='av-special-heading-tag'  itemprop=\"headline\"  ><strong>CSB<\/strong> akud<\/h2><div class=\"special-heading-border\"><div class=\"special-heading-inner-border\"><\/div><\/div><\/div>\n\n<style type=\"text\/css\" data-created_by=\"avia_inline_auto\" id=\"style-css-av-av_hr-78c3437b76b0cfc292e785efcfa7651d\">\n#top .hr.av-av_hr-78c3437b76b0cfc292e785efcfa7651d{\nmargin-top:10px;\nmargin-bottom:10px;\n}\n.hr.av-av_hr-78c3437b76b0cfc292e785efcfa7651d .hr-inner{\nwidth:100%;\nborder-color:#d8d8d8;\n}\n<\/style>\n<div  class='hr av-av_hr-78c3437b76b0cfc292e785efcfa7651d hr-custom  avia-builder-el-2  el_after_av_heading  el_before_av_one_half  hr-center hr-icon-no'><span class='hr-inner inner-border-av-border-thin'><span class=\"hr-inner-style\"><\/span><\/span><\/div>\n\n<style type=\"text\/css\" data-created_by=\"avia_inline_auto\" id=\"style-css-av-av_one_half-b18ec1635791c30194c2fc90ea77ba9c\">\n.flex_column.av-av_one_half-b18ec1635791c30194c2fc90ea77ba9c{\n-webkit-border-radius:0px 0px 0px 0px;\n-moz-border-radius:0px 0px 0px 0px;\nborder-radius:0px 0px 0px 0px;\n}\n<\/style>\n<div class='flex_column av-av_one_half-b18ec1635791c30194c2fc90ea77ba9c av_one_half  avia-builder-el-3  el_after_av_hr  el_before_av_one_half  first flex_column_div av-zero-column-padding '     ><section  class='av_textblock_section av-av_textblock-396ddf1f42196ca838231e61a4602801'  itemscope=\"itemscope\" itemtype=\"https:\/\/schema.org\/CreativeWork\" ><div class='avia_textblock'  itemprop=\"text\" ><p style=\"text-align: justify;\"><a href=\"http:\/\/www.csb-battery.com\/english\/01_product\/01_series_01series.php?fid=5\">GP<\/a>\u00a0seeria akud on \u00fcldkasutatavad: statsionaarses kasutuses on nende eluiga 5 aastat v\u00f5i ts\u00fcklilises kasutuses s\u00fcvat\u00fchjenemisel 100%, v\u00e4hemalt 260 ts\u00fcklit.<\/p>\n<p style=\"text-align: justify;\"><a href=\"http:\/\/www.csb-battery.com\/english\/01_product\/01_series_01series.php?fid=6\">GPL<\/a>\u00a0akud on normaalj\u00e4rellaadimisel ja temperatuuril \u00a025\u2103\u00a010 aastase elueaga.<\/p>\n<p style=\"text-align: justify;\"><a href=\"http:\/\/www.csb-battery.com\/english\/01_product\/01_series_01series.php?fid=7\">HR<\/a>\u00a0seeria akud kestavad s\u00fcvat\u00fchjenemist v\u00e4hemalt 260 ts\u00fcklit. Nendel 5- aastastel akudel on v\u00e4ikesed m\u00f5\u00f5dud ning kerge kaal.<\/p>\n<p style=\"text-align: justify;\"><a href=\"http:\/\/www.csb-battery.com\/english\/01_product\/01_series_01series.php?fid=8\">HRL<\/a>\u00a0akud on 10 \u2013 aastase elueaga ja kestavad s\u00fcvat\u00fchjenemist v\u00e4hemalt 260 ts\u00fcklit. Nad t\u00f6\u00f6tavad t\u00e4nu korpuse erip\u00e4rale ka k\u00f5rgema temperatuuridega keskkonnas.<\/p>\n<p style=\"text-align: justify;\"><a href=\"http:\/\/www.csb-battery.com\/english\/01_product\/01_series_01series.php?fid=3\">TPL<\/a>\u00a0akud on esiterminalidega, kitsa konstruktsiooniga 12 \u2013 aastased akud.<\/p>\n<p style=\"text-align: justify;\"><a href=\"http:\/\/www.csb-battery.com\/english\/01_product\/01_series_01series.php?fid=17\">UPS<\/a>\u00a0seeria akudes kasutatakse nn wafer \u2013 thin plate tehnoloogiat. T\u00e4nu suurele voolutihedusele on nad v\u00e4ga efektiivsed l\u00fchemaajalistel t\u00fchjakslaadimistel. Nendel 5 \u2013 aastastel akudel on suhteliselt v\u00e4ikesed m\u00f5\u00f5tmed. \u00a0\u00a0Laadimis \u2013 t\u00fchjenemists\u00fcklite arv on 260.<\/p>\n<p style=\"text-align: justify;\"><a href=\"http:\/\/www.csb-battery.com\/english\/01_product\/01_series_01series.php?fid=18\">XHRL<\/a>\u00a0akudel on 20% suurem enrgiatihedus standardsetele m\u00f5\u00f5tudele vaatamata. Nende eluiga on 10 aastat.<\/p>\n<p style=\"text-align: justify;\"><a href=\"http:\/\/www.csb-battery.com\/english\/01_product\/01_series_01series.php?fid=19\">XTV<\/a>\u00a0akud t\u00f6\u00f6tavad ekstreemesetes oludes -20 to 50\u00a0\u2103. Nendel on 12 \u2013 aastane eluiga statsionaarses\u00a0 ja nad kestavad v\u00e4hemalt 260 laadimis &#8211; t\u00fchjenemists\u00fcklit.<\/p>\n<\/div><\/section><\/div>\n\n<style type=\"text\/css\" data-created_by=\"avia_inline_auto\" id=\"style-css-av-av_one_half-531d5d4d3d3a74d4c56d8363993d8877\">\n.flex_column.av-av_one_half-531d5d4d3d3a74d4c56d8363993d8877{\n-webkit-border-radius:0px 0px 0px 0px;\n-moz-border-radius:0px 0px 0px 0px;\nborder-radius:0px 0px 0px 0px;\n}\n<\/style>\n<div class='flex_column av-av_one_half-531d5d4d3d3a74d4c56d8363993d8877 av_one_half  avia-builder-el-5  el_after_av_one_half  avia-builder-el-last  flex_column_div av-zero-column-padding '     ><section  class='av_textblock_section av-av_textblock-396ddf1f42196ca838231e61a4602801'  itemscope=\"itemscope\" itemtype=\"https:\/\/schema.org\/CreativeWork\" ><div class='avia_textblock'  itemprop=\"text\" ><p><a href=\"http:\/\/www.csb-battery.com\/\">CSB<\/a>\u00a0akude omadused:<\/p>\n<p>1.\u00a0\u00a0\u00a0\u00a0\u00a0<strong>VRLA akud<\/strong>\u00a0m\u00f5\u00f5tmete j\u00e4rgi<\/p>\n<p>1.1.\u00a0\u00a0\u00a0\u00a0\u00a0\u00a0\u00a0\u00a0\u00a0\u00a0\u00a0\u00a0V\u00e4ikesed akud;<\/p>\n<p>1.2.\u00a0\u00a0\u00a0\u00a0\u00a0\u00a0\u00a0\u00a0\u00a0\u00a0\u00a0\u00a0Keskmised ja suured akud.<\/p>\n<p>2.\u00a0\u00a0\u00a0\u00a0\u00a0\u00a0<strong>VRLA akud<\/strong>\u00a0kasutusala j\u00e4rgi:<\/p>\n<p>2.1.\u00a0\u00a0\u00a0\u00a0\u00a0\u00a0\u00a0\u00a0\u00a0\u00a0\u00a0\u00a0Statsionaarsed telekomi akud;<\/p>\n<p>2.2.\u00a0\u00a0\u00a0\u00a0\u00a0\u00a0\u00a0\u00a0\u00a0\u00a0\u00a0\u00a0UPS s\u00fcvat\u00fchjenemisega (\u00a0<em>high discharge rate<\/em>) akud;<\/p>\n<p>2.3.\u00a0\u00a0\u00a0\u00a0\u00a0\u00a0\u00a0\u00a0\u00a0\u00a0\u00a0\u00a0Ts\u00fcklilise kasutusega akud;<\/p>\n<p>2.4.\u00a0\u00a0\u00a0\u00a0\u00a0\u00a0\u00a0\u00a0\u00a0\u00a0\u00a0\u00a0K\u00f5rgeid temperatuure taluvad akud;<\/p>\n<p>2.5.\u00a0\u00a0\u00a0\u00a0\u00a0\u00a0\u00a0\u00a0\u00a0\u00a0\u00a0\u00a0Esiterminalidega akud.<\/p>\n<\/div><\/section><\/div>\n","protected":false},"excerpt":{"rendered":"<p>This is a Page excerpt. It will be displayed for search results<\/p>\n","protected":false},"author":1,"featured_media":0,"parent":4473,"menu_order":0,"comment_status":"open","ping_status":"open","template":"","meta":{"footnotes":""},"class_list":["post-4479","page","type-page","status-publish","hentry"],"_links":{"self":[{"href":"https:\/\/estil.ee\/est\/wp-json\/wp\/v2\/pages\/4479","targetHints":{"allow":["GET"]}}],"collection":[{"href":"https:\/\/estil.ee\/est\/wp-json\/wp\/v2\/pages"}],"about":[{"href":"https:\/\/estil.ee\/est\/wp-json\/wp\/v2\/types\/page"}],"author":[{"embeddable":true,"href":"https:\/\/estil.ee\/est\/wp-json\/wp\/v2\/users\/1"}],"replies":[{"embeddable":true,"href":"https:\/\/estil.ee\/est\/wp-json\/wp\/v2\/comments?post=4479"}],"version-history":[{"count":0,"href":"https:\/\/estil.ee\/est\/wp-json\/wp\/v2\/pages\/4479\/revisions"}],"up":[{"embeddable":true,"href":"https:\/\/estil.ee\/est\/wp-json\/wp\/v2\/pages\/4473"}],"wp:attachment":[{"href":"https:\/\/estil.ee\/est\/wp-json\/wp\/v2\/media?parent=4479"}],"curies":[{"name":"wp","href":"https:\/\/api.w.org\/{rel}","templated":true}]}}